{"id":103,"date":"2014-01-24T18:37:58","date_gmt":"2014-01-24T16:37:58","guid":{"rendered":"http:\/\/www.feuersalamander.de\/blog\/?page_id=103"},"modified":"2014-01-29T18:12:38","modified_gmt":"2014-01-29T16:12:38","slug":"futter","status":"publish","type":"page","link":"https:\/\/www.feuersalamander.de\/blog\/beispiel-seite\/futter\/","title":{"rendered":"Futter"},"content":{"rendered":"<p><script type=\"text\/javascript\">\/\/ <![CDATA[\nfunction MM_openBrWindow(theURL,winName,features) { \/\/v2.0\n  window.open(theURL,winName,features);\n}\n\/\/ ]]><\/script><br \/>\nEigentlich ist ja schon alles zu diesem Thema unter <a title=\"Haltung\" href=\"http:\/\/www.feuersalamander.de\/blog\/?page_id=2\">Haltung<\/a> gesagt, jedoch m\u00f6chte ich hier noch ein paar n\u00fctzliche Tipps \u00fcber das Z\u00fcchten von den g\u00e4ngigsten Futtertieren geben. Nat\u00fcrlich werde ich nur auf die Art von Futter eingehen, die f\u00fcr unseren Feuersalamander ( Jungsalamander &amp; Larven ) interessant sind. Ich bin bei den Vorschl\u00e4gen \/ Bemerkungen f\u00fcr die Zucht nicht ins Detail gegangen und mit Sicherheit gibt es auch hier verschiedene Tipps und M\u00f6glichkeiten die zum Erfolg f\u00fchren.<\/p>\n<p>Man sollte bei den Futtertierzuchten stets auf Sauberkeit ( regelm\u00e4\u00dfig reinigen ! ) achten und verfaulte oder verschimmelte Futterreste immer m\u00f6glichst schnell entfernen, das gleiche gilt nat\u00fcrlich auch f\u00fcr Kot. Wer sich noch genauer mit der Zucht solcher Futtertiere besch\u00e4ftigen m\u00f6chte, der kann hier in der Galerie ein Buch \u00fcber Futtertierzuchten finden. \u00dcbrigens, diese Futtertiere werden nat\u00fcrlich auch gerne von anderen Tieren gefressen. Eine Galerie aller aufgez\u00e4hlen Futtertiere findet Ihr hier: <a href=\"http:\/\/www.feuersalamander.de\/blog\/?p=370\">FUTTERTIERE<\/a><\/p>\n<table width=\"100%\">\n<tbody>\n<tr bgcolor=\"#999999\">\n<td bgcolor=\"#999999\" width=\"24%\"><strong>Name :<\/strong><\/td>\n<td style=\"text-align: left;\" width=\"31%\"><strong>Fundort \/ Herkunft<\/strong><\/td>\n<td style=\"text-align: justify;\" bgcolor=\"#999999\" width=\"45%\"><strong>Zucht \/ Bemerkung <\/strong><\/td>\n<\/tr>\n<tr bgcolor=\"#CCCCCC\">\n<td align=\"left\" valign=\"top\" bgcolor=\"#CCCCCC\" width=\"24%\"><strong>Asseln \/ Kellerassel \/ Mauerassel<\/strong><\/td>\n<td style=\"text-align: left;\" align=\"left\" valign=\"top\" width=\"31%\">im Keller ( Fugen \/ Mauern usw. ), morschen Holz, unter im Freien stehenden Blument\u00f6pfen \/ Gef\u00e4\u00dfen, k\u00f6dern mit Kartoffeln .<\/td>\n<td style=\"text-align: justify;\" bgcolor=\"#CCCCCC\" width=\"45%\">Aquarium oder Holz \/ Kunststoffbeh\u00e4lter mit etwa 3 cm feuchter Erde. Als oberste Abdeckschicht Laub verwenden, was immer neu nachgelegt werden mu\u00df, da es den Asseln als Nahrung dient. Temperatur um 13 Grad. Als Zusatzfutter bieten sich hier Gem\u00fcseabf\u00e4lle, die den Asseln ebenfalls als Futter dienen. Als Deckel eine Scheibe verwenden, jedoch einen kleinen Luftspalt lassen. Bei F\u00fctterung Tiere einfach einsammeln.<\/td>\n<\/tr>\n<tr bgcolor=\"#E1E1E1\">\n<td align=\"left\" valign=\"top\" bgcolor=\"#E1E1E1\" width=\"24%\" height=\"131\"><strong>Drosophila<\/strong><\/td>\n<td style=\"text-align: left;\" align=\"left\" valign=\"top\" width=\"31%\" height=\"131\">Zuchtansatz beim H\u00e4ndler \/ Z\u00fcchter<\/td>\n<td style=\"text-align: justify;\" bgcolor=\"#E1E1E1\" width=\"45%\" height=\"131\">in 1l Dosen, die oben einen Deckel mit Gaze ( sehr engmaschig !!! ) haben m\u00fcssen. Zuchtbrei ( etwa 3 cm hoch ) besteht aus : Haferflockenbrei gekocht und gemischt mit aufgel\u00f6ster Hefe, Bananenmus, Zucker, Fruchtbabybrei ( Gl\u00e4schen ). Temperatur um 26 Grad. Als Kletterm\u00f6glichkeit Holzwolle verwenden. Die Fruchtfliegen legen in diesem Brei ihre Eier ab, aus denen dann die Maden schl\u00fcpfen. Fruchtfliegen k\u00f6nnen an kleine Jungsalamander verf\u00fcttert werden. Bitte flugunf\u00e4hige Zuchtans\u00e4tze verwenden.<\/td>\n<\/tr>\n<tr bgcolor=\"#CCCCCC\">\n<td align=\"left\" valign=\"top\" bgcolor=\"#CCCCCC\" width=\"24%\"><strong>Enchytr\u00e4en<\/strong><\/td>\n<td style=\"text-align: left;\" align=\"left\" valign=\"top\" width=\"31%\">Zuchtansatz beim H\u00e4ndler \/ Z\u00fcchter<\/td>\n<td style=\"text-align: justify;\" bgcolor=\"#CCCCCC\" width=\"45%\">siehe unter Futter f\u00fcr unsere Larven \/ Enchytr\u00e4en. Geeignet f\u00fcr unsere Larven und Jungsalamander aber nicht \u00fcberwiegend verf\u00fcttern.<\/td>\n<\/tr>\n<tr bgcolor=\"#E1E1E1\">\n<td align=\"left\" valign=\"top\" bgcolor=\"#E1E1E1\" width=\"24%\"><strong onclick=\"MM_openBrWindow('images-futtertiere\/Maden.htm','Maden','scrollbars=yes,width=350,height=300')\">Fleischfliege ( Maden \/ Pinkys )<\/strong><\/td>\n<td style=\"text-align: left;\" align=\"left\" valign=\"top\" width=\"31%\">Maden beim H\u00e4ndler \/ Z\u00fcchter \/ Anglergesch\u00e4ft<\/td>\n<td style=\"text-align: justify;\" bgcolor=\"#E1E1E1\" width=\"45%\">Da hier meistens nur die Maden verf\u00fcttert werden und die Zucht durch Verwendung von Fleisch ( als Eiablagesubstrat ) sehr geruchsintensiv werden kann, empfiehlt sich die Maden zu kaufen. F\u00fcr adulte Feuersalamander und Jungsalamander ( Pinkys ) unbedingt k\u00fchl lagern, da sonst rasche Verpuppung. Bitte auch hier nicht zu oft verf\u00fcttern, da sehr eiwei\u00dfhaltig.<\/td>\n<\/tr>\n<tr bgcolor=\"#CCCCCC\">\n<td align=\"left\" valign=\"top\" bgcolor=\"#CCCCCC\" width=\"24%\"><strong>Getreideschimmelk\u00e4fer<\/strong><\/td>\n<td style=\"text-align: left;\" align=\"left\" valign=\"top\" width=\"31%\">Zuchtansatz beim H\u00e4ndler<\/td>\n<td style=\"text-align: justify;\" bgcolor=\"#CCCCCC\" width=\"45%\">Zuchtsubstrat aus Weizenkleie und Haferflocken etwa 3 cm hoch in diversen Kunststoffbeh\u00e4lter mit Deckel und Luft\u00f6ffnung. Zwei mal die Woche Apfel &amp; Karottenst\u00fccke o.\u00e4. hinein geben. Temperatur 26 Grad.<\/td>\n<\/tr>\n<tr bgcolor=\"#E1E1E1\">\n<td align=\"left\" valign=\"top\" bgcolor=\"#E1E1E1\" width=\"24%\"><strong>Grillen<\/strong><\/td>\n<td style=\"text-align: left;\" align=\"left\" valign=\"top\" width=\"31%\">Zooversand \/ Z\u00fcchter<\/td>\n<td style=\"text-align: justify;\" bgcolor=\"#E1E1E1\" width=\"45%\">Feuchtes Torf \/ Erde \/ Sand \/ Mullgemisch in einem kleinen Beh\u00e4lter im gr\u00f6\u00dferen Zuchtbecken aus Kunststoff ) das zur Eiablage dient. Die weiblichen Grillen legen in diesen kleinen Beh\u00e4lter innerhalb einer Woche bei 30 Grad Dauerbestrahlung ( 40 Watt Gl\u00fchlampe ) ihre Eier ab. Nach einer Woche Legebeh\u00e4lter entnehmen und Gelege ausschl\u00fcpfen lassen ( in gr\u00f6\u00dferem Beh\u00e4lter ). Kleine Pappkartons als Versteckm\u00f6glichkeiten bieten. Haferflocken, Brot, Hundefutter ( trocken ), M\u00e4usepellets o.\u00e4. dienen hierbei als Futter. Zus\u00e4tzlich Obstst\u00fcckchen geben.<\/td>\n<\/tr>\n<tr bgcolor=\"#CCCCCC\">\n<td align=\"left\" valign=\"top\" bgcolor=\"#CCCCCC\" width=\"24%\"><strong>Heimchen<\/strong><\/td>\n<td style=\"text-align: left;\" align=\"left\" valign=\"top\" width=\"31%\">Zooversand \/ Z\u00fcchter<\/td>\n<td style=\"text-align: justify;\" align=\"left\" valign=\"top\" bgcolor=\"#CCCCCC\" width=\"45%\">siehe Grillen. Zucht kann auch mit Grillen kombiniert werden.<\/td>\n<\/tr>\n<tr bgcolor=\"#E1E1E1\">\n<td align=\"left\" valign=\"top\" bgcolor=\"#E1E1E1\" width=\"24%\"><strong>M\u00e4use ( nackt ) <\/strong><\/td>\n<td style=\"text-align: left;\" align=\"left\" valign=\"top\" width=\"31%\">beim Z\u00fcchter oder Zoogesch\u00e4ft<\/td>\n<td style=\"text-align: justify;\" align=\"left\" valign=\"top\" bgcolor=\"#E1E1E1\" width=\"45%\">am einfachsten im Zoogesch\u00e4ft zu erwerben. Will man selbst z\u00fcchten braucht man daf\u00fcr: Makrolonk\u00e4fig von 25 x 20 cm f\u00fcr ein P\u00e4rchen. Die Einstreu sollte aus S\u00e4gemehl, Hobelsp\u00e4nen oder reinem sterilisierten Torf ( 3 cm hoch ) bestehen. Eine Trinkflasche muss sein und sollte aussen befestigt werden. Es empfiehlt sich eine Desinfektion des gesamten K\u00e4figs etwa 1 mal im Monat. Futter: Pressfutter ( Pellets ) bzw. eigene Mischung aus Nagerfutter, Gr\u00fcnfutter ( Salat, L\u00f6wenzahn, Karotten ), Haferflocken, altbackenes Brot usw. Temperatur : 19 &#8211; 23 Grad.<\/td>\n<\/tr>\n<tr bgcolor=\"#CCCCCC\">\n<td align=\"left\" valign=\"top\" bgcolor=\"#CCCCCC\" width=\"24%\"><strong>Mehlk\u00e4fer, Mehlwurm<\/strong><\/td>\n<td style=\"text-align: left;\" align=\"left\" valign=\"top\" width=\"31%\">Zooversand \/ Anglergesch\u00e4ft<\/td>\n<td style=\"text-align: justify;\" bgcolor=\"#CCCCCC\" width=\"45%\">Zucht in Kunststoffbeh\u00e4lter und auf jeden Fall oben abdecken mit Gazedeckel, denn K\u00e4fer k\u00f6nnen fliegen. Haferflocken und Weizenkleie im Verh\u00e4ltnis 1:3 mischen und als Substrat in der H\u00f6he von 3 cm einstreuen. T\u00e4glich ein St\u00fcck Apfel o.\u00e4. dazu geben. Die K\u00e4fer legen Eier innerhalb von ca. 14 Tagen in die Kleie, die dann sofort ausgesiebt werden mu\u00df, da sonst die Eier gefressen werden ( K\u00e4fer ). Die K\u00e4fer in einen neuen Beh\u00e4lter umsetzen. F\u00fcr gr\u00f6\u00dfere Mengen und verschiedene Entwicklungsstadien etwa 4 Beh\u00e4lter verwenden. Papier, oder d\u00fcnne Pappe ( mehrere Schichten ) sorgen f\u00fcr einen leichte Entnahme der Tiere. Temperatur : 28 Grad. Um einen Milbenbefall zu vermeiden, auf trockene und saubere Haltung achten. Substrat ( siehe oben ) immer erneuern, wenn dieses gefressen wurde und nur noch Kotstaub vorhanden ist.<\/td>\n<\/tr>\n<tr bgcolor=\"#E1E1E1\">\n<td align=\"left\" valign=\"top\" bgcolor=\"#E1E1E1\" width=\"24%\"><strong>Regenw\u00fcrmer ( Laubw\u00fcrmer )<\/strong><\/td>\n<td style=\"text-align: left;\" align=\"left\" valign=\"top\" width=\"31%\">Zooversand \/ Anglergesch\u00e4ft \/ im Garten<\/td>\n<td style=\"text-align: justify;\" bgcolor=\"#E1E1E1\" width=\"45%\">Holzkiste als Zuchtbox verwenden ( 50 x 50 x 30 ) gef\u00fcllt mit Erde aus dem Garten und welkem Laub gemischt. Deckel mu\u00df luftdurchl\u00e4ssig sein, jedoch d\u00fcrfen die Tiere nicht entweichen k\u00f6nnen. Etwa 150 W\u00fcrmer werden dann hinein gesetzt und mit Stampfkartoffeln, Haferflockenbrei und geriebenen Karotten 1x pro Woche gef\u00fcttert. Substrat immer leicht feucht halten. Nach ein paar Wochen sieht man die ersten kleinen W\u00fcrmchen. Temperaturen von k\u00fchl bis m\u00e4\u00dfig warm.<\/td>\n<\/tr>\n<tr bgcolor=\"#CCCCCC\">\n<td align=\"left\" valign=\"top\" bgcolor=\"#CCCCCC\" width=\"24%\"><strong><em>Schaben ( argentinisch ) \/ Waldschabe<\/em><\/strong><\/p>\n<p style=\"text-align: justify;\">ich rate von den nachfolgenden Arten ab, da diese sich nach Ausbruch selbst\u00e4ndig in der Wohnung vermehren k\u00f6nnen : Deutsche Schabe, K\u00fcchenschabe und amerikanische Schabe.<\/p>\n<\/td>\n<td style=\"text-align: left;\" align=\"left\" valign=\"top\" width=\"31%\">Zooversand<\/td>\n<td style=\"text-align: justify;\" bgcolor=\"#CCCCCC\" width=\"45%\">Kunststoff oder Glasbeh\u00e4lter mit L\u00fcftung im Deckel, die aus feiner Drahtgaze bestehen mu\u00df und absolut DICHT schlie\u00dfen sollte ( Ausbruchsgefahr ! ). Der obere Rand des Beh\u00e4lters sollte immer mit Vaseline oder Talkum eingestrichen sein, damit die Tiere \u00fcberhaupt nicht weiter hoch klettern k\u00f6nnen. Bodensubstrat aus trockenem Torf oder S\u00e4gesp\u00e4ne von etwa 3 cm H\u00f6he. Dazu kommen Eierkartons zum verstecken. Futter in Form von K\u00fcchenabf\u00e4llen jeglicher Art, jedoch sollte man auch auf saftige Brocken achten ( Fl\u00fcssigkeitsbedarf ). Es sollte auch Trockenhundefutter o.\u00e4.gereicht werden um den Vitaminbedarf abzudecken. Die Schaben vermehren sich so andauernd und alle Stadien sind dann immer vorhanden. Temperatur : 25 &#8211; 30 Grad.<\/td>\n<\/tr>\n<tr bgcolor=\"#E1E1E1\">\n<td align=\"left\" valign=\"top\" bgcolor=\"#E1E1E1\" width=\"24%\"><strong>Silberfischchen<\/strong><\/td>\n<td style=\"text-align: left;\" align=\"left\" valign=\"top\" width=\"31%\">Zooversand<\/td>\n<td style=\"text-align: justify;\" bgcolor=\"#E1E1E1\" width=\"45%\">Kunststoffbeh\u00e4lter mit L\u00fcftung im Deckel. Bodensubstrat aus Torf \/ Sandgemisch und als Versteckm\u00f6glichkeiten Eierkartons ( werden auch gefressen ). F\u00fcr die Eiablage etwas Watte ( Kn\u00f6llchen ) verwenden und ein Sch\u00e4lchen mit Wasser, in dem einige Stoffreste getr\u00e4nkt liegen. Als Hauptfutter nehmen wir : Haferflocken, Mehl &#8211; Zuckermischung, gem. Hundekuchen o.\u00e4.. Nach einigen Tagen schl\u00fcpfen dann die Jungtiere. Temperatur : 30 Grad.<\/td>\n<\/tr>\n<tr bgcolor=\"#CCCCCC\">\n<td align=\"left\" valign=\"top\" bgcolor=\"#CCCCCC\" width=\"24%\"><strong>Wachsmotten \/ Maden<\/strong><\/td>\n<td style=\"text-align: left;\" align=\"left\" valign=\"top\" width=\"31%\">Zuchtansatz beim H\u00e4ndler \/ Imker \/ Anglergesch\u00e4ft<\/td>\n<td style=\"text-align: justify;\" bgcolor=\"#CCCCCC\" width=\"45%\">Zucht in Eimer, Gl\u00e4ser, Kunststoffk\u00e4sten mit Luft\u00f6ffnung aus feiner Gaze. VORSICHT : Beh\u00e4lter m\u00fcssen in Abst\u00e4nden kontrolliert werden, da sich die Maden durch Kunststoff fressen. Zuchtbrei wird gemischt aus : 200 g Weizenkeime, 200 g Magermilchpulver, 2 kg Weizenkleie, oder 1,5 kg Weizenkleie und 500 g Haferflocken, 200 g Bierhefe trocken vermischen, dann 500 g Glycerin gemischt mit 500 g Honig dazugeben, vermengen. Masse wird sehr klebrig und z\u00e4h. 3 &#8211; 5 cm in den Zuchtbeh\u00e4lter und Wellpapper\u00f6hrchen ( als Verstecke f\u00fcr die Maden ) hinzugeben. Sind neue Falter geschl\u00fcpft, legen diese neue Eier. Bei Temperaturen von 30 Grad, nach ca. 5 Tagen die ersten winzigen Raupen, die bis 30 Tage heranwachsen und sich dann verpuppen.<\/td>\n<\/tr>\n<\/tbody>\n<\/table>\n<p>&nbsp;<\/p>\n","protected":false},"excerpt":{"rendered":"<p>Eigentlich ist ja schon alles zu diesem Thema unter Haltung gesagt, jedoch m\u00f6chte ich hier noch ein paar n\u00fctzliche Tipps \u00fcber das Z\u00fcchten von den g\u00e4ngigsten Futtertieren geben. Nat\u00fcrlich werde ich nur auf die Art von Futter eingehen, die f\u00fcr unseren Feuersalamander ( Jungsalamander &amp; Larven ) interessant sind. Ich<a href=\"https:\/\/www.feuersalamander.de\/blog\/beispiel-seite\/futter\/\" class=\"read-more\">mehr lesen<\/a><\/p>\n","protected":false},"author":1,"featured_media":0,"parent":2,"menu_order":0,"comment_status":"open","ping_status":"open","template":"","meta":{"jetpack_post_was_ever_published":false,"footnotes":""},"class_list":["post-103","page","type-page","status-publish","hentry"],"jetpack_sharing_enabled":true,"jetpack-related-posts":[],"_links":{"self":[{"href":"https:\/\/www.feuersalamander.de\/blog\/wp-json\/wp\/v2\/pages\/103","targetHints":{"allow":["GET"]}}],"collection":[{"href":"https:\/\/www.feuersalamander.de\/blog\/wp-json\/wp\/v2\/pages"}],"about":[{"href":"https:\/\/www.feuersalamander.de\/blog\/wp-json\/wp\/v2\/types\/page"}],"author":[{"embeddable":true,"href":"https:\/\/www.feuersalamander.de\/blog\/wp-json\/wp\/v2\/users\/1"}],"replies":[{"embeddable":true,"href":"https:\/\/www.feuersalamander.de\/blog\/wp-json\/wp\/v2\/comments?post=103"}],"version-history":[{"count":13,"href":"https:\/\/www.feuersalamander.de\/blog\/wp-json\/wp\/v2\/pages\/103\/revisions"}],"predecessor-version":[{"id":363,"href":"https:\/\/www.feuersalamander.de\/blog\/wp-json\/wp\/v2\/pages\/103\/revisions\/363"}],"up":[{"embeddable":true,"href":"https:\/\/www.feuersalamander.de\/blog\/wp-json\/wp\/v2\/pages\/2"}],"wp:attachment":[{"href":"https:\/\/www.feuersalamander.de\/blog\/wp-json\/wp\/v2\/media?parent=103"}],"curies":[{"name":"wp","href":"https:\/\/api.w.org\/{rel}","templated":true}]}}