{"id":109,"date":"2014-01-24T18:41:47","date_gmt":"2014-01-24T16:41:47","guid":{"rendered":"http:\/\/www.feuersalamander.de\/blog\/?page_id=109"},"modified":"2014-02-22T14:09:23","modified_gmt":"2014-02-22T13:09:23","slug":"berichte","status":"publish","type":"page","link":"https:\/\/www.feuersalamander.de\/blog\/literatur\/berichte\/","title":{"rendered":"Berichte"},"content":{"rendered":"<p><strong>ACHTUNG<\/strong> : Sollten sich irgendwelche Autoren in Ihrem Urheberrecht verletzt sehen, dann bitte ich um eine kurze <a title=\"Impressum\" href=\"http:\/\/www.feuersalamander.de\/blog\/?page_id=116\">Mail<\/a> an mich. Ich werde dann diesen Beitrag umgehend wieder entfernen ! Auf der anderen Seite w\u00fcrde es mich sehr freuen, wenn sich zu diesem Thema keiner meldet.<\/p>\n<p>Hier werden Berichte \u00fcber Feuersalamander zusammen gestellt, die auch in die Richtung Wissenschaft gehen k\u00f6nnen. Nat\u00fcrlich sind auch hier einige \u00e4ltere Berichte aus meiner Sammlung von verschiedenen Autoren dabei aber ich finde, sehr interessant. Man beachte bitte gerade bei diesen, dass dort gegebene Ratschl\u00e4ge \u00fcber Haltung &amp; Krankheiten EVENTUELL nicht mehr zeitgem\u00e4\u00df sind und somit nicht mehr dem neuesten Erkenntnisstand einer optimalen Haltung &amp; Behandlung entsprechen ! Fragen \/ Meinungen \/ Erfahrungen hierzu k\u00f6nnen gerne im <a href=\"http:\/\/www.feuersalamander.de\/forum\/\" target=\"new\"><strong>Forum<\/strong><\/a> ausgetauscht werden. Berichte zum Thema <a title=\"Krankheiten\" href=\"http:\/\/www.feuersalamander.de\/blog\/?page_id=107\">Krankheiten<\/a> sind dann <a title=\"Krankheiten\" href=\"http:\/\/www.feuersalamander.de\/blog\/?page_id=107\">HIER<\/a> zu finden. Viel Freude beim Lesen (weitere folgen) !!<\/p>\n<p>&nbsp;<\/p>\n<table width=\"100%\" border=\"1\">\n<caption><strong>Haltungsberichte <\/strong><\/caption>\n<tbody>\n<tr bgcolor=\"#cccccc\">\n<td><a href=\"http:\/\/www.feuersalamander.de\/blog\/?p=272\">Zur Fortpflanzung des Feuersalamanders in der Gefangenschaft<\/a><\/td>\n<\/tr>\n<tr bgcolor=\"#e1e1e1\">\n<td><a href=\"http:\/\/www.feuersalamander.de\/blog\/?p=423\">Beitrag zur Kenntnis der H\u00e4utung des Feuersalamanders<\/a><\/td>\n<\/tr>\n<tr bgcolor=\"#cccccc\">\n<td><a href=\"http:\/\/www.feuersalamander.de\/blog\/?p=426\">Kaltbl\u00fctige Spanier Bernardezi und Almanzor Salamander<\/a><\/td>\n<\/tr>\n<tr bgcolor=\"#e1e1e1\">\n<td><a href=\"http:\/\/www.feuersalamander.de\/blog\/?p=427\">Romantik oder Hygiene Feuersalamander lieben Sauberkeit<\/a><\/td>\n<\/tr>\n<tr bgcolor=\"#cccccc\">\n<td><a href=\"http:\/\/www.feuersalamander.de\/blog\/?p=429\">Von gelben schwarzen und albinotischen Feuersalamandern<\/a><\/td>\n<\/tr>\n<tr bgcolor=\"#e1e1e1\">\n<td><a href=\"http:\/\/www.feuersalamander.de\/blog\/?p=441\">Feuer &amp; Alpensalamander im Terrarium<\/a><\/td>\n<\/tr>\n<tr bgcolor=\"#cccccc\">\n<td><a href=\"http:\/\/www.feuersalamander.de\/blog\/?p=771\">Fortpflanzungsbiologie von Salamandra s. bernardezi<\/a><\/td>\n<\/tr>\n<tr bgcolor=\"#e1e1e1\">\n<td><a href=\"http:\/\/www.feuersalamander.de\/blog\/?p=772\">Geburt von vollentwickelten Jungtieren bei S.s.salamandra<\/a><\/td>\n<\/tr>\n<tr bgcolor=\"#cccccc\">\n<td><\/td>\n<\/tr>\n<tr bgcolor=\"#e1e1e1\">\n<td><\/td>\n<\/tr>\n<\/tbody>\n<\/table>\n<table width=\"100%\" border=\"1\">\n<caption><strong>Wissenschaft \/ Forschung <\/strong><\/caption>\n<tbody>\n<tr bgcolor=\"#cccccc\">\n<td><a href=\"http:\/\/www.feuersalamander.de\/blog\/?p=229\">Tracing the first step to speciation: ecological and genetic differentiation of a salamander population in a small forest <\/a><\/td>\n<\/tr>\n<tr bgcolor=\"#e1e1e1\">\n<td><a href=\"http:\/\/www.feuersalamander.de\/blog\/?p=425\">Geburt von vollentwickelten Jungtieren bei Salamandra salamandra<\/a><\/td>\n<\/tr>\n<tr bgcolor=\"#cccccc\">\n<td><a href=\"http:\/\/www.feuersalamander.de\/blog\/?p=428\">Systematische Untersuchungen zur Phylogenie der Salamandridae<\/a><\/td>\n<\/tr>\n<tr bgcolor=\"#e1e1e1\">\n<td><a href=\"http:\/\/www.feuersalamander.de\/blog\/?p=438\">Farbkleidanomalien bei Amphibien im Raume Wuppertal<\/a><\/td>\n<\/tr>\n<tr bgcolor=\"#cccccc\">\n<td><a href=\"http:\/\/www.feuersalamander.de\/blog\/?p=439\">Freilandbeobachtungen \u00fcber Arbotivgebilde und larvale Extremit\u00e4tensch\u00e4den<\/a><\/td>\n<\/tr>\n<tr bgcolor=\"#e1e1e1\">\n<td><a href=\"http:\/\/www.feuersalamander.de\/blog\/?p=675\">The more the better \u2013 polyandry and genetic similarity&#8230;.<\/a><\/td>\n<\/tr>\n<tr bgcolor=\"#cccccc\">\n<td><a href=\"http:\/\/www.feuersalamander.de\/blog\/?p=674\">The golden Alpine salamander (Salamandra atra aurorae) in conservation peril<\/a><\/td>\n<\/tr>\n<tr bgcolor=\"#e1e1e1\">\n<td><a href=\"http:\/\/www.feuersalamander.de\/blog\/?p=673\">Nuclear and mitochondrial multilocus phylogeny\u2026.<\/a><\/td>\n<\/tr>\n<tr bgcolor=\"#cccccc\">\n<td><\/td>\n<\/tr>\n<tr bgcolor=\"#e1e1e1\">\n<td><\/td>\n<\/tr>\n<\/tbody>\n<\/table>\n<table width=\"100%\" border=\"1\">\n<caption><strong>Interessantes<\/strong><\/caption>\n<tbody>\n<tr bgcolor=\"#cccccc\">\n<td><a href=\"http:\/\/www.feuersalamander.de\/blog\/?p=424\">Bemerkung \u00fcber Salamandra Salamander und Lurchi<\/a><\/td>\n<\/tr>\n<tr bgcolor=\"#e1e1e1\">\n<td><a href=\"http:\/\/www.feuersalamander.de\/blog\/?p=767\">Begegnung mit Alpensalamandern<\/a><\/td>\n<\/tr>\n<tr bgcolor=\"#cccccc\">\n<td><a href=\"http:\/\/www.feuersalamander.de\/blog\/?p=768\">Das Portrait: Salamandra atra aurorae <\/a><\/td>\n<\/tr>\n<tr bgcolor=\"#e1e1e1\">\n<td><a href=\"http:\/\/www.feuersalamander.de\/blog\/?p=769\">Feuersalamander &#8211; Salamandra salamandra<\/a><\/td>\n<\/tr>\n<tr bgcolor=\"#cccccc\">\n<td><a href=\"http:\/\/www.feuersalamander.de\/blog\/?p=770\">Feuersalamander langlebig und ortstreu<\/a><\/td>\n<\/tr>\n<tr bgcolor=\"#e1e1e1\">\n<td><a href=\"http:\/\/www.feuersalamander.de\/blog\/?p=773\">Jahreszyklus der Feuersalamander<\/a><\/td>\n<\/tr>\n<tr bgcolor=\"#cccccc\">\n<td><\/td>\n<\/tr>\n<tr bgcolor=\"#e1e1e1\">\n<td><\/td>\n<\/tr>\n<tr bgcolor=\"#cccccc\">\n<td><\/td>\n<\/tr>\n<tr bgcolor=\"#e1e1e1\">\n<td><\/td>\n<\/tr>\n<\/tbody>\n<\/table>\n<p>&nbsp;<\/p>\n","protected":false},"excerpt":{"rendered":"<p>ACHTUNG : Sollten sich irgendwelche Autoren in Ihrem Urheberrecht verletzt sehen, dann bitte ich um eine kurze Mail an mich. Ich werde dann diesen Beitrag umgehend wieder entfernen ! Auf der anderen Seite w\u00fcrde es mich sehr freuen, wenn sich zu diesem Thema keiner meldet. Hier werden Berichte \u00fcber Feuersalamander<a href=\"https:\/\/www.feuersalamander.de\/blog\/literatur\/berichte\/\" class=\"read-more\">mehr lesen<\/a><\/p>\n","protected":false},"author":1,"featured_media":0,"parent":111,"menu_order":0,"comment_status":"open","ping_status":"open","template":"","meta":{"jetpack_post_was_ever_published":false,"footnotes":""},"class_list":["post-109","page","type-page","status-publish","hentry"],"jetpack_sharing_enabled":true,"jetpack-related-posts":[],"_links":{"self":[{"href":"https:\/\/www.feuersalamander.de\/blog\/wp-json\/wp\/v2\/pages\/109","targetHints":{"allow":["GET"]}}],"collection":[{"href":"https:\/\/www.feuersalamander.de\/blog\/wp-json\/wp\/v2\/pages"}],"about":[{"href":"https:\/\/www.feuersalamander.de\/blog\/wp-json\/wp\/v2\/types\/page"}],"author":[{"embeddable":true,"href":"https:\/\/www.feuersalamander.de\/blog\/wp-json\/wp\/v2\/users\/1"}],"replies":[{"embeddable":true,"href":"https:\/\/www.feuersalamander.de\/blog\/wp-json\/wp\/v2\/comments?post=109"}],"version-history":[{"count":28,"href":"https:\/\/www.feuersalamander.de\/blog\/wp-json\/wp\/v2\/pages\/109\/revisions"}],"predecessor-version":[{"id":774,"href":"https:\/\/www.feuersalamander.de\/blog\/wp-json\/wp\/v2\/pages\/109\/revisions\/774"}],"up":[{"embeddable":true,"href":"https:\/\/www.feuersalamander.de\/blog\/wp-json\/wp\/v2\/pages\/111"}],"wp:attachment":[{"href":"https:\/\/www.feuersalamander.de\/blog\/wp-json\/wp\/v2\/media?parent=109"}],"curies":[{"name":"wp","href":"https:\/\/api.w.org\/{rel}","templated":true}]}}