{"id":204,"date":"2014-01-25T20:26:43","date_gmt":"2014-01-25T18:26:43","guid":{"rendered":"http:\/\/www.feuersalamander.de\/blog\/?page_id=204"},"modified":"2014-10-26T17:54:17","modified_gmt":"2014-10-26T16:54:17","slug":"unter-arten","status":"publish","type":"page","link":"https:\/\/www.feuersalamander.de\/blog\/beispiel-seite\/unter-arten\/","title":{"rendered":"Unter (Arten)"},"content":{"rendered":"<p>In der Gattung Salamandra sind derzeit 7 Arten beschrieben:<\/p>\n<ul>\n<li><a href=\"http:\/\/www.feuersalamander.de\/blog\/?p=291\"><b>Salamandra atra <\/b><\/a>( Alpengebiet und die Hochgebirge der westlichen Balkanhalbinsel )<\/li>\n<li><a href=\"http:\/\/www.feuersalamander.de\/blog\/?p=301\"><b>Salamandra lanzai <\/b><\/a>( s\u00fcdwestliche italienische Alpen )<\/li>\n<li><b><a href=\"http:\/\/www.feuersalamander.de\/blog\/?p=812\">Salamandra longirostris<\/a><\/b> ( S\u00fcdspanien )<\/li>\n<li><a href=\"http:\/\/www.feuersalamander.de\/blog\/?p=313\"><b>Salamandra algira<\/b><\/a> ( Algerien \/ Marokko ( n\u00f6rdlich )<\/li>\n<li><a href=\"http:\/\/www.feuersalamander.de\/blog\/?p=328\"><b>Salamandra corsica <\/b><\/a>( Insel Korsika )<\/li>\n<li><b><a href=\"http:\/\/www.feuersalamander.de\/blog\/?p=809\">Salamandra infraimmaculata <\/a><\/b>( Libanon, Syrien, Israel und S\u00fcdost -T\u00fcrkei )<\/li>\n<li><a href=\"http:\/\/www.feuersalamander.de\/blog\/?p=474\"><b>Salamandra salamandra<\/b><\/a> ( Balkanhalbinsel, Karpaten, Zentraleuropa )<\/li>\n<\/ul>\n<p align=\"justify\">Die wohl bekanntesten Vertreter der Gattung <i>Salamandra<\/i> sind der heimische &#8221; Feuersalamander &#8221; ( <a href=\"http:\/\/www.feuersalamander.de\/blog\/?p=474\"><i>Salamandra salamandra <\/i><\/a>) und der &#8221; Alpensalamander &#8221; ( <i>Salamandra atra<\/i> ). Beide sind ausschlie\u00dfliche Landsalamander, bewohnen jedoch sehr unterschiedliche Habitate. So k\u00f6nnen wir Feuersalamander in Kurdistan und Syrien finden, in Kleinasien, auf der Balkanhalbinsel, auch in Mittel- und Westeuropa. Er kommt dagegen in Nordeuropa, z.B. Skandinavien, D\u00e4nemark, Gro\u00dfbritannien und Irland nicht vor. Wiederum in Nordwestafrika, Korsika, der T\u00fcrkei und Israel, k\u00f6nnen wir eigenst\u00e4ndige Arten der Gattung finden. Der Alpensalamander bewohnt die Alpenregionen, wohingegen der Feuersalamander nur bis in H\u00f6hen von ca. 800 m bzw. in Ausnahmef\u00e4llen bis 1600 m zu finden ist.<\/p>\n<p align=\"justify\">Die Nominatform<i> Salamandra salamandra<\/i> z\u00e4hlt alleine 17 Unterarten ( * siehe Literaturhinweis Sebastian Steinfartz ), von denen jedoch einzelne umstritten sind. Diese terrestrisch lebenden Salamander der Gattung, unterscheiden sich teilweise sehr stark in K\u00f6rperbau und Zeichnung je nach Herkunft und Fundort. Der K\u00f6rperbau kann so von klein und kr\u00e4ftig oder zierlich bis gro\u00df und schlank oder massig stark variieren.<\/p>\n<p align=\"justify\">Die Grundf\u00e4rbung bei fast allen Arten der Gattung <i>Salamandra<\/i>, ist meistens ein hochgl\u00e4nzendes tiefschwarz ( <i>Salamandra atra<\/i> ist einfarbig schwarz ), was dann durch gelbe\/rote Punkte, Flecken, Streifen (je nach Herkunft) \u00fcberlagert wird. M\u00e4nnliche Tiere sind meist kleiner und schlanker als die Weibchen, lassen sich aber oft auch durch eine angeschwollene Kloake von diesen unterscheiden. In Mitteleuropa setzen Feuersalamander vorwiegend in der Zeit von M\u00e4rz bis Juni vollentwickelte Larven mit Kiemenb\u00fcscheln in klare, langsam flie\u00dfende Waldb\u00e4che oder k\u00fchle T\u00fcmpel ab, die dann nach einigen Monaten metamorphosieren und dann erst zum eigentlichen &#8221; Landsalamander &#8221; werden, wohingegen <i>Salamandra<\/i> <i>atra<\/i> ( Alpensalamander ) vollentwickelte &#8221; fertige &#8221; Jungsalamander absetzen, die ein Miniaturabbild der Alttiere darstellen.<\/p>\n<p align=\"justify\">Allerdings kommen z.B. in S\u00fcdeuropa auch einige Vollmolch geb\u00e4rende Feuersalamanderformen vor. Die Unterarten <i>salamandra<\/i> und <i>terrestris<\/i> haben das gr\u00f6\u00dfte Verbreitungsgebiet der Gattung<i>. <\/i>So ist <i>Salamandra s.terrestris<\/i> in Zentral Europa, von Westspanien \u00fcber Frankreich bis Deutschland und <i>Salamandra s.salamandra <\/i>auf der Balkanhalbinsel, den Karpaten, und Zentraleuropa zu finden. Feuersalamander sind sehr dankbare Pfleglinge und werden schon seit Jahrzehnten nachgez\u00fcchtet. Sauberkeit und keine zu hohen Temperaturen sind die wichtigsten Grundlagen, die man beachten sollte, nat\u00fcrlich werden diese noch durch viele andere erg\u00e4nzt.<\/p>\n<p><b>Folgende Arten \/ Unterarten sind laut Literatur siehe unten * im Moment bekannt :<\/b><\/p>\n<ul>\n<li><i><span style=\"color: #ff9900;\"><b>Alpensalamander :<\/b><\/span><\/i><\/li>\n<li><a href=\"http:\/\/www.feuersalamander.de\/blog\/?p=291\"><b>Salamandra atra atra<\/b><\/a><\/li>\n<li><b>Salamandra atra aurorae <\/b>( ital. Provinz Vincenza )<\/li>\n<li><b>Salamandra atra prenjensis<\/b> ( Cvrsnica- und Prenjgebirge )<\/li>\n<li><b>Salamandra atra pasubiensis<\/b> ( lessinische Dolomiten )<\/li>\n<li><a href=\"http:\/\/www.feuersalamander.de\/blog\/?p=301\"><b>Salamandra lanzai<\/b><\/a> ( s\u00fcdwestliche italienische Alpen )<\/li>\n<\/ul>\n<ul>\n<li><i><span style=\"color: #ff9900;\"><b>Feuersalamander :<\/b><\/span><\/i><\/li>\n<li><a href=\"http:\/\/www.feuersalamander.de\/blog\/?p=313\"><b>Salamandra algira<\/b><\/a> ( Algerien \/ Marokko ( n\u00f6rdlich )<\/li>\n<li><strong>Salamandra algira spelaea<\/strong> ( Nordost-Marokko<\/li>\n<li><strong>Salamandra algira <b>splendens<\/b><\/strong> ( Chefchaouen, westliches Riff Gebirge, Marokko )<\/li>\n<li><a href=\"http:\/\/www.feuersalamander.de\/blog\/?p=610\"><strong>Salamandra algira tingitana<\/strong><\/a> ( Nordwest-Marokko )<\/li>\n<li><a href=\"http:\/\/www.feuersalamander.de\/blog\/?p=328\"><b>Salamandra corsica <\/b><\/a>( Insel Korsika )<\/li>\n<li><a href=\"http:\/\/www.feuersalamander.de\/blog\/?p=474\"><b>Salamandra salamandra salamandra<\/b><\/a> ( Ost- und S\u00fcdosteuropa bis nach Griechenland )<\/li>\n<li><a href=\"http:\/\/www.feuersalamander.de\/blog\/?p=505\"><b>Salamandra salamandra almanzoris<\/b><\/a> ( Nordwest- und Zentralspanien )<\/li>\n<li><a href=\"http:\/\/www.feuersalamander.de\/blog\/?p=551\"><strong>Salamandra salamandra alfredschmidti<\/strong><\/a> (Nordspanien, <a href=\"http:\/\/www.feuersalamander.de\/blog\/?p=551\">Tendi<\/a> ) ( <a href=\"http:\/\/www.feuersalamander.de\/blog\/?p=573\">La Marea Tal<\/a> ) ( <a href=\"http:\/\/www.feuersalamander.de\/blog\/?p=581\">Rio Fabar Tal<\/a> )<\/li>\n<li><a href=\"http:\/\/www.feuersalamander.de\/blog\/?p=661\"><b>Salamandra salamandra bejarae<\/b><\/a> ( Zentral- und Ostspanien )<\/li>\n<li><a href=\"http:\/\/www.feuersalamander.de\/blog\/?p=540\"><b>Salamandra salamandra bernardezi<\/b><\/a> ( Nord- und Nordwestspanien ) ( <a href=\"http:\/\/www.feuersalamander.de\/blog\/?p=598\">El Carmen<\/a> )<\/li>\n<li><b>Salamandra salamandra beschkovi <\/b>( Pirin-Gebirge &#8211; Bulgarien )<\/li>\n<li><a href=\"http:\/\/www.feuersalamander.de\/blog\/?p=619\"><b>Salamandra salamandra fastuosa <\/b><\/a>( nord\u00f6stliches Spanien )<\/li>\n<li><a href=\"http:\/\/www.feuersalamander.de\/blog\/?p=683\"><b>Salamandra salamandra gallaica <\/b><\/a>( Portugal ) <a href=\"http:\/\/www.feuersalamander.de\/blog\/?p=693\">(Coimbra)<\/a><\/li>\n<li><a href=\"http:\/\/www.feuersalamander.de\/blog\/?p=700\"><b>Salamandra salamandra crespoi <\/b><\/a>( S\u00fcdwestportugal )<\/li>\n<li><a href=\"http:\/\/www.feuersalamander.de\/blog\/?p=460\"><b>Salamandra salamandra gigliolii <\/b><\/a>( Zentral- und S\u00fcditalien )<\/li>\n<li><a href=\"http:\/\/www.feuersalamander.de\/blog\/?p=710\"><b>Salamandra salamandra morenica<\/b><\/a> ( zentrales S\u00fcdspanien )<\/li>\n<li><a href=\"http:\/\/www.feuersalamander.de\/blog\/?p=518\"><b>Salamandra salamandra terrestris <\/b><\/a>( Frankreich, Nord- und Zentraleuropa ) ( <a href=\"http:\/\/www.feuersalamander.de\/blog\/?p=816\">albinotische Tiere<\/a> )<\/li>\n<li><a href=\"http:\/\/www.feuersalamander.de\/blog\/?p=647\"><b>Salamandra salamandra werneri<\/b><\/a> ( Griechenland )<\/li>\n<li><b>Salamandra infraimmaculata infraimmaculata <\/b>( Libanon, Syrien, Israel )<\/li>\n<li><a href=\"http:\/\/www.feuersalamander.de\/blog\/?p=489\"><b>Salamandra<i> <\/i>infraimmaculata semenovi<\/b><\/a> ( S\u00fcdostt\u00fcrkei )<\/li>\n<li><b>Salamandra<i> <\/i><\/b><b>infraimmaculata orientalis <\/b> ( zentrale S\u00fcdt\u00fcrkei )<\/li>\n<\/ul>\n<p align=\"justify\">Auf eine detaillierte Beschreibung der einzelnen Unter(Arten) wurde an dieser Stelle verzichtet, da diese bestimmt die eigentliche &#8221; Kurzvorstellung &#8221; der Gattung <i>Salamandra<\/i> hier sprengen w\u00fcrde. Mit der Zeit wird die Bilddatenbank zu den einzelnen Unter(Arten) st\u00e4ndig erweitert, au\u00dferdem sind <a title=\"Berichte\" href=\"http:\/\/www.feuersalamander.de\/blog\/?page_id=109\">Berichte<\/a>, die dort noch nicht vorhanden sind ( <a title=\"Literatur\" href=\"http:\/\/www.feuersalamander.de\/blog\/?page_id=111\">Literatur <\/a>) jederzeit willkommen.<\/p>\n","protected":false},"excerpt":{"rendered":"<p>In der Gattung Salamandra sind derzeit 7 Arten beschrieben: Salamandra atra ( Alpengebiet und die Hochgebirge der westlichen Balkanhalbinsel ) Salamandra lanzai ( s\u00fcdwestliche italienische Alpen ) Salamandra longirostris ( S\u00fcdspanien ) Salamandra algira ( Algerien \/ Marokko ( n\u00f6rdlich ) Salamandra corsica ( Insel Korsika ) Salamandra infraimmaculata (<a href=\"https:\/\/www.feuersalamander.de\/blog\/beispiel-seite\/unter-arten\/\" class=\"read-more\">mehr lesen<\/a><\/p>\n","protected":false},"author":1,"featured_media":0,"parent":2,"menu_order":0,"comment_status":"open","ping_status":"open","template":"","meta":{"jetpack_post_was_ever_published":false,"footnotes":""},"class_list":["post-204","page","type-page","status-publish","hentry"],"jetpack_sharing_enabled":true,"jetpack-related-posts":[],"_links":{"self":[{"href":"https:\/\/www.feuersalamander.de\/blog\/wp-json\/wp\/v2\/pages\/204","targetHints":{"allow":["GET"]}}],"collection":[{"href":"https:\/\/www.feuersalamander.de\/blog\/wp-json\/wp\/v2\/pages"}],"about":[{"href":"https:\/\/www.feuersalamander.de\/blog\/wp-json\/wp\/v2\/types\/page"}],"author":[{"embeddable":true,"href":"https:\/\/www.feuersalamander.de\/blog\/wp-json\/wp\/v2\/users\/1"}],"replies":[{"embeddable":true,"href":"https:\/\/www.feuersalamander.de\/blog\/wp-json\/wp\/v2\/comments?post=204"}],"version-history":[{"count":35,"href":"https:\/\/www.feuersalamander.de\/blog\/wp-json\/wp\/v2\/pages\/204\/revisions"}],"predecessor-version":[{"id":820,"href":"https:\/\/www.feuersalamander.de\/blog\/wp-json\/wp\/v2\/pages\/204\/revisions\/820"}],"up":[{"embeddable":true,"href":"https:\/\/www.feuersalamander.de\/blog\/wp-json\/wp\/v2\/pages\/2"}],"wp:attachment":[{"href":"https:\/\/www.feuersalamander.de\/blog\/wp-json\/wp\/v2\/media?parent=204"}],"curies":[{"name":"wp","href":"https:\/\/api.w.org\/{rel}","templated":true}]}}