{"id":38,"date":"2014-01-24T15:49:54","date_gmt":"2014-01-24T13:49:54","guid":{"rendered":"http:\/\/www.feuersalamander.de\/blog\/?page_id=38"},"modified":"2014-07-13T17:02:04","modified_gmt":"2014-07-13T16:02:04","slug":"terrarien","status":"publish","type":"page","link":"https:\/\/www.feuersalamander.de\/blog\/beispiel-seite\/terrarien\/","title":{"rendered":"Terrarien"},"content":{"rendered":"<p>Terrarien :<a name=\"Terrarienanfang\"><\/a><\/p>\n<p><span style=\"font-family: Arial,Helvetica,sans-serif; font-size: small;\">als aller erstes m\u00f6chte ich auf die Gr\u00f6\u00dfe der Terrarien f\u00fcr unseren Feuersalamander eingehen. Es gibt eine Faustformel, die besagt : &#8221; GL (T) in cm x 0,01 = Gf in qm<\/span><span style=\"font-size: small;\"> . <span style=\"font-family: Arial,Helvetica,sans-serif;\">Das hei\u00dft, Gesamtl\u00e4nge des Tieres ( in cm x 0,01 ) = Grundfl\u00e4che des Terrariums f\u00fcr 2 Tiere ( in qm ) &#8220;. <\/span>( <span style=\"font-family: Arial,Helvetica,sans-serif;\">Quelle \/ Zitat aus Allgemeine Haltungsrichtlinien f\u00fcr Molche und Salamander \/ DGHT entnommen). Meiner Meinung nach etwas knapp bemessen, jedoch sollten das ja auch nur die Durchschnittswerte laut &#8221; Arbeitsgemeinschaft Urodela &#8221; darstellen. Besser etwas mehr Platz als zu wenig ist auch hier nur zum Vorteil. Kommen wir nun zu den verschiedenen Arten der Terrarien. Mann kann sie selber bauen ( wenn nicht aus Glas, dann aber auf jeden Fall aus nicht aufquellbaren Materialien wie Kunststoff, Plexiglas usw. ), oder auch nat\u00fcrlich kaufen.<\/span><\/span><\/p>\n<p><span style=\"font-size: small;\"><span style=\"font-family: Arial,Helvetica,sans-serif;\"> F\u00fcr die Haltung von Jungsalamandern bis zu adulten Tiere, w\u00fcrde ich drei Varianten vorschlagen, wobei ich mehr zu der letzteren tendiere. Meine Wasserteile habe ich immer je nach Bedarf mit sogenannten &#8221; Saugspritzen &#8221; gereinigt \/ abgesaugt, d.h. wenn Verschmutzungen durch Kot oder sonstigen Schmutz vorhanden waren, wurde dieser sofort abgesaugt. Das fehlende Wasser wurde dann nat\u00fcrlich wieder nachgef\u00fcllt um immer einen gleich hohen Wasserstand zu halten, der bei mir jedoch nicht h\u00f6her als 2 &#8211; 3 cm ist. Seit einiger Zeit bin ich jedoch auf Wasserabl\u00e4ufe umgestiegen, die selbst diese einfache Arbeit des Absaugens doch noch erleichtern. So kann ich nun das Wasserteil innerhalb weniger Minuten komplett ablaufen lassen und je nach Bedarf wieder f\u00fcllen. Diese Abl\u00e4ufe nachtr\u00e4glich in die Becken zu bohren ist eigentlich gar nicht so schwer, trotzdem sollte man diese Arbeit nie direkt am Becken selbst ausprobieren. \u00dcben, \u00fcben, \u00fcben, erst dann w\u00fcrde ich empfehlen das &#8221; eigentliche &#8221; Loch zu bohren. Einige Bilder &amp; Videos dazu finden Sie unten in der Anleitung zur Einrichtung eines Salamanderbeckens.<\/span><\/span><\/p>\n<p><span style=\"font-family: Arial,Helvetica,sans-serif; font-size: small;\"><b><a title=\"das Kunststoffterrarium\" href=\"http:\/\/www.feuersalamander.de\/blog\/?p=145\">Das Kunststoffterrarium \/ Faunabox<\/a><br \/>\n<\/b><\/span><\/p>\n<p><a href=\"http:\/\/www.feuersalamander.de\/blog\/?p=151\"><span style=\"font-family: Arial,Helvetica,sans-serif; font-size: small;\"><b>Das Glasterrarium mit Schiebescheiben<\/b><\/span><\/a><\/p>\n<p><a href=\"http:\/\/www.feuersalamander.de\/blog\/?p=156\"><span style=\"font-family: Arial,Helvetica,sans-serif; font-size: small;\"><b>Das Vollglasaquarium umgebaut zum Aquaterrarium<\/b><\/span><\/a><\/p>\n<p><span style=\"font-family: Arial,Helvetica,sans-serif; font-size: small;\"><b><a href=\"http:\/\/www.feuersalamander.de\/blog\/?p=161\">Der Bodengrund \/ Basis \/ Drainage<\/a> ( <a title=\"Haltung\" href=\"http:\/\/www.feuersalamander.de\/blog\/?page_id=2\">siehe Haltung<\/a> )<\/b><\/span><\/p>\n<p><span style=\"font-family: Arial,Helvetica,sans-serif; font-size: small;\"><b><a href=\"http:\/\/www.feuersalamander.de\/blog\/?p=167\">Einrichtung eines Salamanderbeckens<\/a><br \/>\n<\/b><\/span><\/p>\n<p><span style=\"font-family: Arial,Helvetica,sans-serif; font-size: small;\"><b><a href=\"http:\/\/www.feuersalamander.de\/blog\/?p=792\">Meine Terrarienanlage damals (heute nicht mehr so gro\u00df)<\/a><\/b><\/span><\/p>\n","protected":false},"excerpt":{"rendered":"<p>Terrarien : als aller erstes m\u00f6chte ich auf die Gr\u00f6\u00dfe der Terrarien f\u00fcr unseren Feuersalamander eingehen. Es gibt eine Faustformel, die besagt : &#8221; GL (T) in cm x 0,01 = Gf in qm . Das hei\u00dft, Gesamtl\u00e4nge des Tieres ( in cm x 0,01 ) = Grundfl\u00e4che des Terrariums<a href=\"https:\/\/www.feuersalamander.de\/blog\/beispiel-seite\/terrarien\/\" class=\"read-more\">mehr lesen<\/a><\/p>\n","protected":false},"author":1,"featured_media":0,"parent":2,"menu_order":0,"comment_status":"open","ping_status":"open","template":"","meta":{"jetpack_post_was_ever_published":false,"footnotes":""},"class_list":["post-38","page","type-page","status-publish","hentry"],"jetpack_sharing_enabled":true,"jetpack-related-posts":[],"_links":{"self":[{"href":"https:\/\/www.feuersalamander.de\/blog\/wp-json\/wp\/v2\/pages\/38","targetHints":{"allow":["GET"]}}],"collection":[{"href":"https:\/\/www.feuersalamander.de\/blog\/wp-json\/wp\/v2\/pages"}],"about":[{"href":"https:\/\/www.feuersalamander.de\/blog\/wp-json\/wp\/v2\/types\/page"}],"author":[{"embeddable":true,"href":"https:\/\/www.feuersalamander.de\/blog\/wp-json\/wp\/v2\/users\/1"}],"replies":[{"embeddable":true,"href":"https:\/\/www.feuersalamander.de\/blog\/wp-json\/wp\/v2\/comments?post=38"}],"version-history":[{"count":27,"href":"https:\/\/www.feuersalamander.de\/blog\/wp-json\/wp\/v2\/pages\/38\/revisions"}],"predecessor-version":[{"id":796,"href":"https:\/\/www.feuersalamander.de\/blog\/wp-json\/wp\/v2\/pages\/38\/revisions\/796"}],"up":[{"embeddable":true,"href":"https:\/\/www.feuersalamander.de\/blog\/wp-json\/wp\/v2\/pages\/2"}],"wp:attachment":[{"href":"https:\/\/www.feuersalamander.de\/blog\/wp-json\/wp\/v2\/media?parent=38"}],"curies":[{"name":"wp","href":"https:\/\/api.w.org\/{rel}","templated":true}]}}